{"id":985,"date":"2026-02-11T10:33:28","date_gmt":"2026-02-11T16:33:28","guid":{"rendered":"https:\/\/cuitlahuac.gob.mx\/portal\/?page_id=985"},"modified":"2026-02-11T10:36:29","modified_gmt":"2026-02-11T16:36:29","slug":"comisiones-de-cabildo","status":"publish","type":"page","link":"https:\/\/cuitlahuac.gob.mx\/portal\/comisiones-de-cabildo\/","title":{"rendered":"Comisiones de Cabildo"},"content":{"rendered":"\t\t<div data-elementor-type=\"wp-page\" data-elementor-id=\"985\" class=\"elementor elementor-985\" data-elementor-post-type=\"page\">\n\t\t\t\t<div class=\"elementor-element elementor-element-ab30db4 e-flex e-con-boxed e-con e-parent\" data-id=\"ab30db4\" data-element_type=\"container\" data-e-type=\"container\">\n\t\t\t\t\t<div class=\"e-con-inner\">\n\t\t<div class=\"elementor-element elementor-element-39d556d6 e-con-full e-flex e-con e-child\" data-id=\"39d556d6\" data-element_type=\"container\" data-e-type=\"container\" data-settings=\"{&quot;background_background&quot;:&quot;classic&quot;}\">\n\t\t\t\t<\/div>\n\t\t<div class=\"elementor-element elementor-element-3525c504 e-con-full e-flex e-con e-child\" data-id=\"3525c504\" data-element_type=\"container\" data-e-type=\"container\">\n\t\t\t\t<div class=\"elementor-element elementor-element-16459df3 elementor-widget elementor-widget-heading\" data-id=\"16459df3\" data-element_type=\"widget\" data-e-type=\"widget\" data-widget_type=\"heading.default\">\n\t\t\t\t\t<h2 class=\"elementor-heading-title elementor-size-default\">Comisiones de Cabildo<\/h2>\t\t\t\t<\/div>\n\t\t\t\t<div class=\"elementor-element elementor-element-66f5a4b2 elementor-widget elementor-widget-text-editor\" data-id=\"66f5a4b2\" data-element_type=\"widget\" data-e-type=\"widget\" data-widget_type=\"text-editor.default\">\n\t\t\t\t\t\t\t\t\t<p data-start=\"304\" data-end=\"576\">En t\u00e9rminos de lo dispuesto por la Ley Org\u00e1nica del Municipio Libre del Estado de Veracruz de Ignacio de la Llave, el Cabildo podr\u00e1 organizarse en comisiones edilicias para el estudio, an\u00e1lisis, dictamen y supervisi\u00f3n de los asuntos de la administraci\u00f3n p\u00fablica municipal.<\/p><p data-start=\"578\" data-end=\"697\">Las siguientes comisiones han sido asignadas a las y los integrantes del Cabildo del Municipio de Cuitl\u00e1huac, Veracruz:<\/p><hr data-start=\"699\" data-end=\"702\" \/><h2 data-start=\"704\" data-end=\"730\"><strong data-start=\"707\" data-end=\"728\">Regidur\u00eda Primera<\/strong><\/h2><p data-start=\"731\" data-end=\"809\"><strong data-start=\"731\" data-end=\"763\">C. Alejandra Serena Gonz\u00e1lez<\/strong><br data-start=\"763\" data-end=\"766\" \/>Tiene a su cargo las siguientes comisiones:<\/p><ul data-start=\"811\" data-end=\"1128\"><li data-start=\"811\" data-end=\"858\"><p data-start=\"813\" data-end=\"858\">Promoci\u00f3n y Defensa de los Derechos Humanos<\/p><\/li><li data-start=\"859\" data-end=\"894\"><p data-start=\"861\" data-end=\"894\">Hacienda y Patrimonio Municipal<\/p><\/li><li data-start=\"895\" data-end=\"938\"><p data-start=\"897\" data-end=\"938\">Transparencia y Acceso a la Informaci\u00f3n<\/p><\/li><li data-start=\"939\" data-end=\"969\"><p data-start=\"941\" data-end=\"969\">Salud y Asistencia P\u00fablica<\/p><\/li><li data-start=\"970\" data-end=\"1076\"><p data-start=\"972\" data-end=\"1076\">Limpia P\u00fablica, Recolecci\u00f3n, Traslado, Tratamiento y Disposici\u00f3n Final de Residuos S\u00f3lidos Municipales<\/p><\/li><li data-start=\"1077\" data-end=\"1114\"><p data-start=\"1079\" data-end=\"1114\">Participaci\u00f3n Ciudadana y Vecinal<\/p><\/li><li data-start=\"1115\" data-end=\"1128\"><p data-start=\"1117\" data-end=\"1128\">Poblaci\u00f3n<\/p><\/li><\/ul><hr data-start=\"1130\" data-end=\"1133\" \/><h2 data-start=\"1135\" data-end=\"1161\"><strong data-start=\"1138\" data-end=\"1159\">Regidur\u00eda Segunda<\/strong><\/h2><p data-start=\"1162\" data-end=\"1236\"><strong data-start=\"1162\" data-end=\"1190\">C. Beatriz G\u00f3mez Aguilar<\/strong><br data-start=\"1190\" data-end=\"1193\" \/>Tiene a su cargo las siguientes comisiones:<\/p><ul data-start=\"1238\" data-end=\"1595\"><li data-start=\"1238\" data-end=\"1307\"><p data-start=\"1240\" data-end=\"1307\">Educaci\u00f3n, Recreaci\u00f3n, Cultura, Actos C\u00edvicos y Fomento Deportivo<\/p><\/li><li data-start=\"1308\" data-end=\"1330\"><p data-start=\"1310\" data-end=\"1330\">Igualdad de G\u00e9nero<\/p><\/li><li data-start=\"1331\" data-end=\"1366\"><p data-start=\"1333\" data-end=\"1366\">Polic\u00eda y Prevenci\u00f3n del Delito<\/p><\/li><li data-start=\"1367\" data-end=\"1407\"><p data-start=\"1369\" data-end=\"1407\">Desarrollo Social, Humano y Regional<\/p><\/li><li data-start=\"1408\" data-end=\"1431\"><p data-start=\"1410\" data-end=\"1431\">Tr\u00e1nsito y Vialidad<\/p><\/li><li data-start=\"1432\" data-end=\"1520\"><p data-start=\"1434\" data-end=\"1520\">Agua Potable, Drenaje, Alcantarillado, Tratamiento y Disposici\u00f3n de Aguas Residuales<\/p><\/li><li data-start=\"1521\" data-end=\"1541\"><p data-start=\"1523\" data-end=\"1541\">Protecci\u00f3n Civil<\/p><\/li><li data-start=\"1542\" data-end=\"1570\"><p data-start=\"1544\" data-end=\"1570\">Evaluaci\u00f3n del Desempe\u00f1o<\/p><\/li><li data-start=\"1571\" data-end=\"1595\"><p data-start=\"1573\" data-end=\"1595\">Desarrollo Econ\u00f3mico<\/p><\/li><\/ul><hr data-start=\"1597\" data-end=\"1600\" \/><h2 data-start=\"1602\" data-end=\"1628\"><strong data-start=\"1605\" data-end=\"1626\">Regidur\u00eda Tercera<\/strong><\/h2><p data-start=\"1629\" data-end=\"1703\"><strong data-start=\"1629\" data-end=\"1657\">C. Luc\u00eda Montes Mart\u00ednez<\/strong><br data-start=\"1657\" data-end=\"1660\" \/>Tiene a su cargo las siguientes comisiones:<\/p><ul data-start=\"1705\" data-end=\"2028\"><li data-start=\"1705\" data-end=\"1729\"><p data-start=\"1707\" data-end=\"1729\">Ciencia y Tecnolog\u00eda<\/p><\/li><li data-start=\"1730\" data-end=\"1749\"><p data-start=\"1732\" data-end=\"1749\">Ni\u00f1ez y Familia<\/p><\/li><li data-start=\"1750\" data-end=\"1849\"><p data-start=\"1752\" data-end=\"1849\">Asentamientos Humanos, Fraccionamientos, Licencias y Regularizaci\u00f3n de la Tenencia de la Tierra<\/p><\/li><li data-start=\"1850\" data-end=\"1875\"><p data-start=\"1852\" data-end=\"1875\">Impulso a la Juventud<\/p><\/li><li data-start=\"1876\" data-end=\"1925\"><p data-start=\"1878\" data-end=\"1925\">Ornato, Parques, Jardines y Alumbrado P\u00fablico<\/p><\/li><li data-start=\"1926\" data-end=\"1980\"><p data-start=\"1928\" data-end=\"1980\">Bibliotecas, Fomento a la Lectura y Alfabetizaci\u00f3n<\/p><\/li><li data-start=\"1981\" data-end=\"2028\"><p data-start=\"1983\" data-end=\"2028\">Fomento Forestal, Ecolog\u00eda y Medio Ambiente<\/p><\/li><\/ul><hr data-start=\"2030\" data-end=\"2033\" \/><h2 data-start=\"2035\" data-end=\"2061\"><strong data-start=\"2038\" data-end=\"2059\">Sindicatura \u00danica<\/strong><\/h2><p data-start=\"2062\" data-end=\"2139\"><strong data-start=\"2062\" data-end=\"2093\">C. Rafael Hern\u00e1ndez Cancino<\/strong><br data-start=\"2093\" data-end=\"2096\" \/>Tiene a su cargo las siguientes comisiones:<\/p><ul data-start=\"2141\" data-end=\"2430\"><li data-start=\"2141\" data-end=\"2176\"><p data-start=\"2143\" data-end=\"2176\">Hacienda y Patrimonio Municipal<\/p><\/li><li data-start=\"2177\" data-end=\"2218\"><p data-start=\"2179\" data-end=\"2218\">Gobernaci\u00f3n, Reglamentos y Circulares<\/p><\/li><li data-start=\"2219\" data-end=\"2258\"><p data-start=\"2221\" data-end=\"2258\">Planeaci\u00f3n del Desarrollo Municipal<\/p><\/li><li data-start=\"2259\" data-end=\"2270\"><p data-start=\"2261\" data-end=\"2270\">Turismo<\/p><\/li><li data-start=\"2271\" data-end=\"2306\"><p data-start=\"2273\" data-end=\"2306\">Comunicaciones y Obras P\u00fablicas<\/p><\/li><li data-start=\"2307\" data-end=\"2359\"><p data-start=\"2309\" data-end=\"2359\">Comercio, Centrales de Abasto, Mercados y Rastro<\/p><\/li><li data-start=\"2360\" data-end=\"2384\"><p data-start=\"2362\" data-end=\"2384\">Fomento Agropecuario<\/p><\/li><li data-start=\"2385\" data-end=\"2430\"><p data-start=\"2387\" data-end=\"2430\">Registro Civil, Panteones y Reclutamiento<\/p><\/li><\/ul>\t\t\t\t\t\t\t\t<\/div>\n\t\t\t\t<\/div>\n\t\t<div class=\"elementor-element elementor-element-4651b665 e-con-full e-flex e-con e-child\" data-id=\"4651b665\" data-element_type=\"container\" data-e-type=\"container\" data-settings=\"{&quot;background_background&quot;:&quot;classic&quot;}\">\n\t\t\t\t<div class=\"elementor-element elementor-element-7b6e1f7b elementor-widget elementor-widget-heading\" data-id=\"7b6e1f7b\" data-element_type=\"widget\" data-e-type=\"widget\" data-widget_type=\"heading.default\">\n\t\t\t\t\t<h2 class=\"elementor-heading-title elementor-size-default\">C<\/h2>\t\t\t\t<\/div>\n\t\t\t\t<\/div>\n\t\t\t\t\t<\/div>\n\t\t\t\t<\/div>\n\t\t\t\t<\/div>\n\t\t","protected":false},"excerpt":{"rendered":"<p>Comisiones de Cabildo En t\u00e9rminos de lo dispuesto por la Ley Org\u00e1nica del Municipio Libre del Estado de Veracruz de Ignacio de la Llave, el Cabildo podr\u00e1 organizarse en comisiones edilicias para el estudio, an\u00e1lisis, dictamen y supervisi\u00f3n de los asuntos de la administraci\u00f3n p\u00fablica municipal. Las siguientes comisiones han sido asignadas a las y [&hellip;]<\/p>\n","protected":false},"author":1,"featured_media":0,"parent":0,"menu_order":0,"comment_status":"closed","ping_status":"closed","template":"elementor_header_footer","meta":{"footnotes":""},"class_list":["post-985","page","type-page","status-publish","hentry"],"_links":{"self":[{"href":"https:\/\/cuitlahuac.gob.mx\/portal\/wp-json\/wp\/v2\/pages\/985","targetHints":{"allow":["GET"]}}],"collection":[{"href":"https:\/\/cuitlahuac.gob.mx\/portal\/wp-json\/wp\/v2\/pages"}],"about":[{"href":"https:\/\/cuitlahuac.gob.mx\/portal\/wp-json\/wp\/v2\/types\/page"}],"author":[{"embeddable":true,"href":"https:\/\/cuitlahuac.gob.mx\/portal\/wp-json\/wp\/v2\/users\/1"}],"replies":[{"embeddable":true,"href":"https:\/\/cuitlahuac.gob.mx\/portal\/wp-json\/wp\/v2\/comments?post=985"}],"version-history":[{"count":4,"href":"https:\/\/cuitlahuac.gob.mx\/portal\/wp-json\/wp\/v2\/pages\/985\/revisions"}],"predecessor-version":[{"id":991,"href":"https:\/\/cuitlahuac.gob.mx\/portal\/wp-json\/wp\/v2\/pages\/985\/revisions\/991"}],"wp:attachment":[{"href":"https:\/\/cuitlahuac.gob.mx\/portal\/wp-json\/wp\/v2\/media?parent=985"}],"curies":[{"name":"wp","href":"https:\/\/api.w.org\/{rel}","templated":true}]}}