{"id":868,"date":"2026-02-10T02:34:55","date_gmt":"2026-02-10T08:34:55","guid":{"rendered":"https:\/\/cuitlahuac.gob.mx\/portal\/?page_id=868"},"modified":"2026-02-10T02:36:37","modified_gmt":"2026-02-10T08:36:37","slug":"escudo-de-cuitlahuac","status":"publish","type":"page","link":"https:\/\/cuitlahuac.gob.mx\/portal\/escudo-de-cuitlahuac\/","title":{"rendered":"Escudo de Cuitl\u00e1huac"},"content":{"rendered":"\t\t<div data-elementor-type=\"wp-page\" data-elementor-id=\"868\" class=\"elementor elementor-868\" data-elementor-post-type=\"page\">\n\t\t\t\t<div class=\"elementor-element elementor-element-743d284d e-flex e-con-boxed e-con e-parent\" data-id=\"743d284d\" data-element_type=\"container\" data-e-type=\"container\">\n\t\t\t\t\t<div class=\"e-con-inner\">\n\t\t<div class=\"elementor-element elementor-element-58c966bb e-con-full e-flex e-con e-child\" data-id=\"58c966bb\" data-element_type=\"container\" data-e-type=\"container\" data-settings=\"{&quot;background_background&quot;:&quot;classic&quot;}\">\n\t\t\t\t<\/div>\n\t\t<div class=\"elementor-element elementor-element-7a96ee0d e-con-full e-flex e-con e-child\" data-id=\"7a96ee0d\" data-element_type=\"container\" data-e-type=\"container\">\n\t\t\t\t<div class=\"elementor-element elementor-element-5ed6df8c elementor-widget elementor-widget-heading\" data-id=\"5ed6df8c\" data-element_type=\"widget\" data-e-type=\"widget\" data-widget_type=\"heading.default\">\n\t\t\t\t\t<h2 class=\"elementor-heading-title elementor-size-default\">Escudo de Cuitl\u00e1huac<\/h2>\t\t\t\t<\/div>\n\t\t\t\t<div class=\"elementor-element elementor-element-ef18788 elementor-widget elementor-widget-image\" data-id=\"ef18788\" data-element_type=\"widget\" data-e-type=\"widget\" data-widget_type=\"image.default\">\n\t\t\t\t\t\t\t\t\t\t\t\t\t\t\t<img fetchpriority=\"high\" decoding=\"async\" width=\"800\" height=\"993\" src=\"https:\/\/cuitlahuac.gob.mx\/portal\/wp-content\/uploads\/2026\/02\/freepik__talk__61309-1-825x1024.jpeg\" class=\"attachment-large size-large wp-image-874\" alt=\"\" srcset=\"https:\/\/cuitlahuac.gob.mx\/portal\/wp-content\/uploads\/2026\/02\/freepik__talk__61309-1-825x1024.jpeg 825w, https:\/\/cuitlahuac.gob.mx\/portal\/wp-content\/uploads\/2026\/02\/freepik__talk__61309-1-242x300.jpeg 242w, https:\/\/cuitlahuac.gob.mx\/portal\/wp-content\/uploads\/2026\/02\/freepik__talk__61309-1-768x953.jpeg 768w, https:\/\/cuitlahuac.gob.mx\/portal\/wp-content\/uploads\/2026\/02\/freepik__talk__61309-1-1238x1536.jpeg 1238w, https:\/\/cuitlahuac.gob.mx\/portal\/wp-content\/uploads\/2026\/02\/freepik__talk__61309-1-1651x2048.jpeg 1651w, https:\/\/cuitlahuac.gob.mx\/portal\/wp-content\/uploads\/2026\/02\/freepik__talk__61309-1.jpeg 1728w\" sizes=\"(max-width: 800px) 100vw, 800px\" \/>\t\t\t\t\t\t\t\t\t\t\t\t\t\t\t<\/div>\n\t\t\t\t<div class=\"elementor-element elementor-element-3fddb46b elementor-widget elementor-widget-text-editor\" data-id=\"3fddb46b\" data-element_type=\"widget\" data-e-type=\"widget\" data-widget_type=\"text-editor.default\">\n\t\t\t\t\t\t\t\t\t<h2 data-start=\"241\" data-end=\"305\"><strong data-start=\"244\" data-end=\"305\">Historia y significado del Escudo de Cuitl\u00e1huac, Veracruz<\/strong><\/h2><p data-start=\"307\" data-end=\"641\">El <strong data-start=\"310\" data-end=\"344\">Escudo de Cuitl\u00e1huac, Veracruz<\/strong>, es un s\u00edmbolo representativo de la identidad hist\u00f3rica, cultural y social del municipio. A trav\u00e9s de sus elementos gr\u00e1ficos y simb\u00f3licos, el escudo expresa el origen prehisp\u00e1nico de la regi\u00f3n, su evoluci\u00f3n hist\u00f3rica, as\u00ed como los valores que han distinguido a su poblaci\u00f3n a lo largo del tiempo.<\/p><p data-start=\"643\" data-end=\"936\">El nombre <strong data-start=\"653\" data-end=\"667\">Cuitl\u00e1huac<\/strong> proviene del n\u00e1huatl y se asocia con significados relacionados con la naturaleza y el entorno lacustre, lo que remite directamente a las ra\u00edces ind\u00edgenas del territorio y a su estrecha relaci\u00f3n con el agua, la tierra f\u00e9rtil y las actividades productivas tradicionales.<\/p><hr data-start=\"938\" data-end=\"941\" \/><h2 data-start=\"943\" data-end=\"977\"><strong data-start=\"946\" data-end=\"977\">Origen hist\u00f3rico del escudo<\/strong><\/h2><p data-start=\"979\" data-end=\"1129\">El dise\u00f1o del escudo municipal surge como una necesidad de <strong data-start=\"1038\" data-end=\"1093\">representar oficialmente la identidad del municipio<\/strong>, integrando elementos que reflejan:<\/p><ul data-start=\"1131\" data-end=\"1257\"><li data-start=\"1131\" data-end=\"1155\"><p data-start=\"1133\" data-end=\"1155\">El pasado prehisp\u00e1nico<\/p><\/li><li data-start=\"1156\" data-end=\"1178\"><p data-start=\"1158\" data-end=\"1178\">La herencia colonial<\/p><\/li><li data-start=\"1179\" data-end=\"1215\"><p data-start=\"1181\" data-end=\"1215\">El desarrollo agr\u00edcola y comercial<\/p><\/li><li data-start=\"1216\" data-end=\"1257\"><p data-start=\"1218\" data-end=\"1257\">La vida social y cultural de Cuitl\u00e1huac<\/p><\/li><\/ul><p data-start=\"1259\" data-end=\"1502\">A lo largo del tiempo, el escudo ha sido adoptado como emblema institucional del Ayuntamiento, utiliz\u00e1ndose en documentos oficiales, edificios p\u00fablicos y actos c\u00edvicos, consolid\u00e1ndose como un s\u00edmbolo de orgullo y pertenencia para la poblaci\u00f3n.<\/p><hr data-start=\"1504\" data-end=\"1507\" \/><h2 data-start=\"1509\" data-end=\"1550\"><strong data-start=\"1512\" data-end=\"1550\">Elementos y significado del escudo<\/strong><\/h2><p data-start=\"1552\" data-end=\"1705\">Aunque pueden existir <strong data-start=\"1574\" data-end=\"1596\">variantes gr\u00e1ficas<\/strong> del escudo seg\u00fan su uso institucional o art\u00edstico, sus elementos principales conservan un significado com\u00fan:<\/p><h3 data-start=\"1707\" data-end=\"1741\"><strong data-start=\"1711\" data-end=\"1741\">1. Elementos prehisp\u00e1nicos<\/strong><\/h3><p data-start=\"1742\" data-end=\"1929\">El escudo incorpora s\u00edmbolos de origen ind\u00edgena que hacen referencia a las <strong data-start=\"1817\" data-end=\"1844\">culturas mesoamericanas<\/strong> que habitaron la regi\u00f3n antes de la conquista espa\u00f1ola. Estos elementos representan:<\/p><ul data-start=\"1931\" data-end=\"2065\"><li data-start=\"1931\" data-end=\"1977\"><p data-start=\"1933\" data-end=\"1977\">La identidad n\u00e1huatl del nombre Cuitl\u00e1huac<\/p><\/li><li data-start=\"1978\" data-end=\"2023\"><p data-start=\"1980\" data-end=\"2023\">La conexi\u00f3n con la tierra y la naturaleza<\/p><\/li><li data-start=\"2024\" data-end=\"2065\"><p data-start=\"2026\" data-end=\"2065\">La organizaci\u00f3n comunitaria ancestral<\/p><\/li><\/ul><p data-start=\"2067\" data-end=\"2204\">Frecuentemente se utilizan <strong data-start=\"2094\" data-end=\"2147\">formas geom\u00e9tricas, glifos o iconograf\u00eda ind\u00edgena<\/strong>, como homenaje a los primeros pobladores del territorio.<\/p><hr data-start=\"2206\" data-end=\"2209\" \/><h3 data-start=\"2211\" data-end=\"2266\"><strong data-start=\"2215\" data-end=\"2266\">2. Representaci\u00f3n de la tierra y la agricultura<\/strong><\/h3><p data-start=\"2267\" data-end=\"2429\">Uno de los ejes centrales del escudo es la <strong data-start=\"2310\" data-end=\"2332\">actividad agr\u00edcola<\/strong>, hist\u00f3ricamente fundamental para el desarrollo econ\u00f3mico del municipio. Este elemento simboliza:<\/p><ul data-start=\"2431\" data-end=\"2533\"><li data-start=\"2431\" data-end=\"2455\"><p data-start=\"2433\" data-end=\"2455\">El trabajo del campo<\/p><\/li><li data-start=\"2456\" data-end=\"2486\"><p data-start=\"2458\" data-end=\"2486\">La fertilidad de la tierra<\/p><\/li><li data-start=\"2487\" data-end=\"2533\"><p data-start=\"2489\" data-end=\"2533\">El esfuerzo y dedicaci\u00f3n de los campesinos<\/p><\/li><\/ul><p data-start=\"2535\" data-end=\"2679\">Cultivos tradicionales y referencias al suelo productivo representan la base econ\u00f3mica que ha sostenido a Cuitl\u00e1huac a lo largo de generaciones.<\/p><hr data-start=\"2681\" data-end=\"2684\" \/><h3 data-start=\"2686\" data-end=\"2719\"><strong data-start=\"2690\" data-end=\"2719\">3. Agua y entorno natural<\/strong><\/h3><p data-start=\"2720\" data-end=\"2903\">El agua ocupa un lugar relevante dentro del simbolismo del escudo, ya que el municipio se encuentra en una regi\u00f3n marcada por r\u00edos, arroyos y suelos h\u00famedos. Este elemento representa:<\/p><ul data-start=\"2905\" data-end=\"2990\"><li data-start=\"2905\" data-end=\"2926\"><p data-start=\"2907\" data-end=\"2926\">Vida y abundancia<\/p><\/li><li data-start=\"2927\" data-end=\"2961\"><p data-start=\"2929\" data-end=\"2961\">Origen del asentamiento humano<\/p><\/li><li data-start=\"2962\" data-end=\"2990\"><p data-start=\"2964\" data-end=\"2990\">Desarrollo y continuidad<\/p><\/li><\/ul><p data-start=\"2992\" data-end=\"3101\">El agua simboliza tambi\u00e9n la importancia del entorno natural como fuente de sustento y bienestar comunitario.<\/p><hr data-start=\"3103\" data-end=\"3106\" \/><h3 data-start=\"3108\" data-end=\"3137\"><strong data-start=\"3112\" data-end=\"3137\">4. Trabajo y progreso<\/strong><\/h3><p data-start=\"3138\" data-end=\"3305\">El escudo refleja el <strong data-start=\"3159\" data-end=\"3181\">esfuerzo colectivo<\/strong> de la poblaci\u00f3n mediante s\u00edmbolos asociados al trabajo, al comercio y al crecimiento del municipio. Estos elementos evocan:<\/p><ul data-start=\"3307\" data-end=\"3431\"><li data-start=\"3307\" data-end=\"3349\"><p data-start=\"3309\" data-end=\"3349\">La vocaci\u00f3n productiva de la comunidad<\/p><\/li><li data-start=\"3350\" data-end=\"3383\"><p data-start=\"3352\" data-end=\"3383\">El desarrollo urbano y social<\/p><\/li><li data-start=\"3384\" data-end=\"3431\"><p data-start=\"3386\" data-end=\"3431\">La aspiraci\u00f3n al progreso y bienestar com\u00fan<\/p><\/li><\/ul><p data-start=\"3433\" data-end=\"3545\">Representan el tr\u00e1nsito de Cuitl\u00e1huac de un asentamiento tradicional a un municipio en constante transformaci\u00f3n.<\/p><hr data-start=\"3547\" data-end=\"3550\" \/><h3 data-start=\"3552\" data-end=\"3587\"><strong data-start=\"3556\" data-end=\"3587\">5. Colores y su significado<\/strong><\/h3><p data-start=\"3588\" data-end=\"3660\">Los colores del escudo no son casuales y refuerzan su mensaje simb\u00f3lico:<\/p><ul data-start=\"3662\" data-end=\"3872\"><li data-start=\"3662\" data-end=\"3718\"><p data-start=\"3664\" data-end=\"3718\"><strong data-start=\"3664\" data-end=\"3673\">Verde<\/strong>: esperanza, fertilidad, agricultura y vida<\/p><\/li><li data-start=\"3719\" data-end=\"3761\"><p data-start=\"3721\" data-end=\"3761\"><strong data-start=\"3721\" data-end=\"3729\">Azul<\/strong>: agua, tranquilidad y armon\u00eda<\/p><\/li><li data-start=\"3762\" data-end=\"3805\"><p data-start=\"3764\" data-end=\"3805\"><strong data-start=\"3764\" data-end=\"3772\">Rojo<\/strong>: fortaleza, valor y sacrificio<\/p><\/li><li data-start=\"3806\" data-end=\"3872\"><p data-start=\"3808\" data-end=\"3872\"><strong data-start=\"3808\" data-end=\"3829\">Amarillo o dorado<\/strong>: riqueza cultural, trabajo y prosperidad<\/p><\/li><\/ul><p data-start=\"3874\" data-end=\"3952\">Cada tonalidad refuerza la identidad visual y el mensaje hist\u00f3rico del escudo.<\/p><hr data-start=\"3954\" data-end=\"3957\" \/><h2 data-start=\"3959\" data-end=\"3989\"><strong data-start=\"3962\" data-end=\"3989\">Valor c\u00edvico y cultural<\/strong><\/h2><p data-start=\"3991\" data-end=\"4248\">El Escudo de Cuitl\u00e1huac no es \u00fanicamente un elemento gr\u00e1fico; es un <strong data-start=\"4059\" data-end=\"4077\">s\u00edmbolo c\u00edvico<\/strong> que representa la unidad del municipio, su historia y sus aspiraciones. Su uso en actos oficiales fortalece el sentido de pertenencia y el respeto por la identidad local.<\/p><p data-start=\"4250\" data-end=\"4416\">Adem\u00e1s, constituye un recurso educativo que permite a las nuevas generaciones conocer y valorar el pasado, comprender el presente y proyectar el futuro del municipio.<\/p><hr data-start=\"4418\" data-end=\"4421\" \/><h2 data-start=\"4423\" data-end=\"4440\"><strong data-start=\"4426\" data-end=\"4440\">Conclusi\u00f3n<\/strong><\/h2><p data-start=\"4442\" data-end=\"4719\">El <strong data-start=\"4445\" data-end=\"4479\">Escudo de Cuitl\u00e1huac, Veracruz<\/strong>, sintetiza en su dise\u00f1o la memoria hist\u00f3rica, la riqueza cultural y el esp\u00edritu de trabajo de su gente. Cada elemento que lo compone refleja el legado ind\u00edgena, la vocaci\u00f3n productiva y la identidad comunitaria que distinguen al municipio.<\/p><p data-start=\"4721\" data-end=\"4827\">Es, en esencia, un emblema que honra el pasado, representa el presente y proyecta el futuro de Cuitl\u00e1huac.<\/p>\t\t\t\t\t\t\t\t<\/div>\n\t\t\t\t<\/div>\n\t\t<div class=\"elementor-element elementor-element-1cacfd9c e-con-full e-flex e-con e-child\" data-id=\"1cacfd9c\" data-element_type=\"container\" data-e-type=\"container\" data-settings=\"{&quot;background_background&quot;:&quot;classic&quot;}\">\n\t\t\t\t<div class=\"elementor-element elementor-element-12828fd3 elementor-widget elementor-widget-heading\" data-id=\"12828fd3\" data-element_type=\"widget\" data-e-type=\"widget\" data-widget_type=\"heading.default\">\n\t\t\t\t\t<h2 class=\"elementor-heading-title elementor-size-default\">E<\/h2>\t\t\t\t<\/div>\n\t\t\t\t<\/div>\n\t\t\t\t\t<\/div>\n\t\t\t\t<\/div>\n\t\t\t\t<\/div>\n\t\t","protected":false},"excerpt":{"rendered":"<p>Escudo de Cuitl\u00e1huac Historia y significado del Escudo de Cuitl\u00e1huac, Veracruz El Escudo de Cuitl\u00e1huac, Veracruz, es un s\u00edmbolo representativo de la identidad hist\u00f3rica, cultural y social del municipio. A trav\u00e9s de sus elementos gr\u00e1ficos y simb\u00f3licos, el escudo expresa el origen prehisp\u00e1nico de la regi\u00f3n, su evoluci\u00f3n hist\u00f3rica, as\u00ed como los valores que han [&hellip;]<\/p>\n","protected":false},"author":1,"featured_media":0,"parent":0,"menu_order":0,"comment_status":"closed","ping_status":"closed","template":"elementor_header_footer","meta":{"footnotes":""},"class_list":["post-868","page","type-page","status-publish","hentry"],"_links":{"self":[{"href":"https:\/\/cuitlahuac.gob.mx\/portal\/wp-json\/wp\/v2\/pages\/868","targetHints":{"allow":["GET"]}}],"collection":[{"href":"https:\/\/cuitlahuac.gob.mx\/portal\/wp-json\/wp\/v2\/pages"}],"about":[{"href":"https:\/\/cuitlahuac.gob.mx\/portal\/wp-json\/wp\/v2\/types\/page"}],"author":[{"embeddable":true,"href":"https:\/\/cuitlahuac.gob.mx\/portal\/wp-json\/wp\/v2\/users\/1"}],"replies":[{"embeddable":true,"href":"https:\/\/cuitlahuac.gob.mx\/portal\/wp-json\/wp\/v2\/comments?post=868"}],"version-history":[{"count":7,"href":"https:\/\/cuitlahuac.gob.mx\/portal\/wp-json\/wp\/v2\/pages\/868\/revisions"}],"predecessor-version":[{"id":877,"href":"https:\/\/cuitlahuac.gob.mx\/portal\/wp-json\/wp\/v2\/pages\/868\/revisions\/877"}],"wp:attachment":[{"href":"https:\/\/cuitlahuac.gob.mx\/portal\/wp-json\/wp\/v2\/media?parent=868"}],"curies":[{"name":"wp","href":"https:\/\/api.w.org\/{rel}","templated":true}]}}