{"id":853,"date":"2026-02-10T00:30:32","date_gmt":"2026-02-10T06:30:32","guid":{"rendered":"https:\/\/cuitlahuac.gob.mx\/portal\/?page_id=853"},"modified":"2026-02-10T00:30:55","modified_gmt":"2026-02-10T06:30:55","slug":"politica-de-uso-de-cookies","status":"publish","type":"page","link":"https:\/\/cuitlahuac.gob.mx\/portal\/politica-de-uso-de-cookies\/","title":{"rendered":"Pol\u00edtica de Uso de Cookies"},"content":{"rendered":"\t\t<div data-elementor-type=\"wp-page\" data-elementor-id=\"853\" class=\"elementor elementor-853\" data-elementor-post-type=\"page\">\n\t\t\t\t<div class=\"elementor-element elementor-element-1746604b e-flex e-con-boxed e-con e-parent\" data-id=\"1746604b\" data-element_type=\"container\" data-e-type=\"container\">\n\t\t\t\t\t<div class=\"e-con-inner\">\n\t\t<div class=\"elementor-element elementor-element-234e9b09 e-con-full e-flex e-con e-child\" data-id=\"234e9b09\" data-element_type=\"container\" data-e-type=\"container\" data-settings=\"{&quot;background_background&quot;:&quot;classic&quot;}\">\n\t\t\t\t<\/div>\n\t\t<div class=\"elementor-element elementor-element-59f6e1b6 e-con-full e-flex e-con e-child\" data-id=\"59f6e1b6\" data-element_type=\"container\" data-e-type=\"container\">\n\t\t\t\t<div class=\"elementor-element elementor-element-15e7959e elementor-widget elementor-widget-heading\" data-id=\"15e7959e\" data-element_type=\"widget\" data-e-type=\"widget\" data-widget_type=\"heading.default\">\n\t\t\t\t\t<h2 class=\"elementor-heading-title elementor-size-default\">Pol\u00edtica de Uso de Cookies<\/h2>\t\t\t\t<\/div>\n\t\t\t\t<div class=\"elementor-element elementor-element-79577940 elementor-widget elementor-widget-text-editor\" data-id=\"79577940\" data-element_type=\"widget\" data-e-type=\"widget\" data-widget_type=\"text-editor.default\">\n\t\t\t\t\t\t\t\t\t<p data-start=\"4517\" data-end=\"4674\">El sitio web del <strong data-start=\"4534\" data-end=\"4579\">Palacio Municipal de Cuitl\u00e1huac, Veracruz<\/strong> utiliza cookies y tecnolog\u00edas similares para mejorar la experiencia de navegaci\u00f3n del usuario.<\/p><h3 data-start=\"4676\" data-end=\"4705\"><strong data-start=\"4680\" data-end=\"4705\">\u00bfQu\u00e9 son las cookies?<\/strong><\/h3><p data-start=\"4706\" data-end=\"4868\">Las cookies son peque\u00f1os archivos de texto que se almacenan en el dispositivo del usuario al visitar un sitio web y permiten reconocer preferencias de navegaci\u00f3n.<\/p><h3 data-start=\"4870\" data-end=\"4905\"><strong data-start=\"4874\" data-end=\"4905\">Tipos de cookies utilizadas<\/strong><\/h3><p data-start=\"4906\" data-end=\"4932\">Este sitio puede utilizar:<\/p><ul data-start=\"4934\" data-end=\"5160\"><li data-start=\"4934\" data-end=\"5008\"><p data-start=\"4936\" data-end=\"5008\">Cookies t\u00e9cnicas: necesarias para el correcto funcionamiento del sitio<\/p><\/li><li data-start=\"5009\" data-end=\"5091\"><p data-start=\"5011\" data-end=\"5091\">Cookies de an\u00e1lisis: para obtener estad\u00edsticas an\u00f3nimas sobre el uso del sitio<\/p><\/li><li data-start=\"5092\" data-end=\"5160\"><p data-start=\"5094\" data-end=\"5160\">Cookies de personalizaci\u00f3n: para recordar preferencias del usuario<\/p><\/li><\/ul><h3 data-start=\"5162\" data-end=\"5198\"><strong data-start=\"5166\" data-end=\"5198\">Finalidad del uso de cookies<\/strong><\/h3><p data-start=\"5199\" data-end=\"5228\">Las cookies se utilizan para:<\/p><ul data-start=\"5230\" data-end=\"5393\"><li data-start=\"5230\" data-end=\"5268\"><p data-start=\"5232\" data-end=\"5268\">Mejorar la funcionalidad del sitio<\/p><\/li><li data-start=\"5269\" data-end=\"5304\"><p data-start=\"5271\" data-end=\"5304\">Analizar patrones de navegaci\u00f3n<\/p><\/li><li data-start=\"5305\" data-end=\"5341\"><p data-start=\"5307\" data-end=\"5341\">Optimizar contenidos y servicios<\/p><\/li><li data-start=\"5342\" data-end=\"5393\"><p data-start=\"5344\" data-end=\"5393\">Facilitar la interacci\u00f3n del usuario con el sitio<\/p><\/li><\/ul><h3 data-start=\"5395\" data-end=\"5421\"><strong data-start=\"5399\" data-end=\"5421\">Gesti\u00f3n de cookies<\/strong><\/h3><p data-start=\"5422\" data-end=\"5611\">El usuario puede configurar su navegador para aceptar, rechazar o eliminar cookies. Al continuar navegando en este sitio, se considera que acepta el uso de cookies conforme a esta pol\u00edtica.<\/p><h3 data-start=\"5613\" data-end=\"5654\"><strong data-start=\"5617\" data-end=\"5654\">Cambios en la pol\u00edtica de cookies<\/strong><\/h3><p data-start=\"5655\" data-end=\"5770\">Esta pol\u00edtica puede actualizarse en cualquier momento. Las modificaciones ser\u00e1n publicadas en el sitio web oficial.<\/p>\t\t\t\t\t\t\t\t<\/div>\n\t\t\t\t<\/div>\n\t\t<div class=\"elementor-element elementor-element-69897220 e-con-full e-flex e-con e-child\" data-id=\"69897220\" data-element_type=\"container\" data-e-type=\"container\" data-settings=\"{&quot;background_background&quot;:&quot;classic&quot;}\">\n\t\t\t\t<div class=\"elementor-element elementor-element-6ea2f1cc elementor-widget elementor-widget-heading\" data-id=\"6ea2f1cc\" data-element_type=\"widget\" data-e-type=\"widget\" data-widget_type=\"heading.default\">\n\t\t\t\t\t<h2 class=\"elementor-heading-title elementor-size-default\">A<\/h2>\t\t\t\t<\/div>\n\t\t\t\t<\/div>\n\t\t\t\t\t<\/div>\n\t\t\t\t<\/div>\n\t\t\t\t<\/div>\n\t\t","protected":false},"excerpt":{"rendered":"<p>Pol\u00edtica de Uso de Cookies El sitio web del Palacio Municipal de Cuitl\u00e1huac, Veracruz utiliza cookies y tecnolog\u00edas similares para mejorar la experiencia de navegaci\u00f3n del usuario. \u00bfQu\u00e9 son las cookies? Las cookies son peque\u00f1os archivos de texto que se almacenan en el dispositivo del usuario al visitar un sitio web y permiten reconocer preferencias [&hellip;]<\/p>\n","protected":false},"author":1,"featured_media":0,"parent":0,"menu_order":0,"comment_status":"closed","ping_status":"closed","template":"elementor_header_footer","meta":{"footnotes":""},"class_list":["post-853","page","type-page","status-publish","hentry"],"_links":{"self":[{"href":"https:\/\/cuitlahuac.gob.mx\/portal\/wp-json\/wp\/v2\/pages\/853","targetHints":{"allow":["GET"]}}],"collection":[{"href":"https:\/\/cuitlahuac.gob.mx\/portal\/wp-json\/wp\/v2\/pages"}],"about":[{"href":"https:\/\/cuitlahuac.gob.mx\/portal\/wp-json\/wp\/v2\/types\/page"}],"author":[{"embeddable":true,"href":"https:\/\/cuitlahuac.gob.mx\/portal\/wp-json\/wp\/v2\/users\/1"}],"replies":[{"embeddable":true,"href":"https:\/\/cuitlahuac.gob.mx\/portal\/wp-json\/wp\/v2\/comments?post=853"}],"version-history":[{"count":4,"href":"https:\/\/cuitlahuac.gob.mx\/portal\/wp-json\/wp\/v2\/pages\/853\/revisions"}],"predecessor-version":[{"id":858,"href":"https:\/\/cuitlahuac.gob.mx\/portal\/wp-json\/wp\/v2\/pages\/853\/revisions\/858"}],"wp:attachment":[{"href":"https:\/\/cuitlahuac.gob.mx\/portal\/wp-json\/wp\/v2\/media?parent=853"}],"curies":[{"name":"wp","href":"https:\/\/api.w.org\/{rel}","templated":true}]}}