{"id":844,"date":"2026-02-10T00:28:03","date_gmt":"2026-02-10T06:28:03","guid":{"rendered":"https:\/\/cuitlahuac.gob.mx\/portal\/?page_id=844"},"modified":"2026-02-10T00:29:10","modified_gmt":"2026-02-10T06:29:10","slug":"terminos-y-condiciones-de-uso","status":"publish","type":"page","link":"https:\/\/cuitlahuac.gob.mx\/portal\/terminos-y-condiciones-de-uso\/","title":{"rendered":"T\u00e9rminos y Condiciones de Uso"},"content":{"rendered":"\t\t<div data-elementor-type=\"wp-page\" data-elementor-id=\"844\" class=\"elementor elementor-844\" data-elementor-post-type=\"page\">\n\t\t\t\t<div class=\"elementor-element elementor-element-7655e2f4 e-flex e-con-boxed e-con e-parent\" data-id=\"7655e2f4\" data-element_type=\"container\" data-e-type=\"container\">\n\t\t\t\t\t<div class=\"e-con-inner\">\n\t\t<div class=\"elementor-element elementor-element-77bdb306 e-con-full e-flex e-con e-child\" data-id=\"77bdb306\" data-element_type=\"container\" data-e-type=\"container\" data-settings=\"{&quot;background_background&quot;:&quot;classic&quot;}\">\n\t\t\t\t<\/div>\n\t\t<div class=\"elementor-element elementor-element-7602961d e-con-full e-flex e-con e-child\" data-id=\"7602961d\" data-element_type=\"container\" data-e-type=\"container\">\n\t\t\t\t<div class=\"elementor-element elementor-element-7ea1e33 elementor-widget elementor-widget-heading\" data-id=\"7ea1e33\" data-element_type=\"widget\" data-e-type=\"widget\" data-widget_type=\"heading.default\">\n\t\t\t\t\t<h2 class=\"elementor-heading-title elementor-size-default\">T\u00e9rminos y Condiciones de Uso<\/h2>\t\t\t\t<\/div>\n\t\t\t\t<div class=\"elementor-element elementor-element-48d4fe3d elementor-widget elementor-widget-text-editor\" data-id=\"48d4fe3d\" data-element_type=\"widget\" data-e-type=\"widget\" data-widget_type=\"text-editor.default\">\n\t\t\t\t\t\t\t\t\t<p data-start=\"2884\" data-end=\"3093\">El presente documento regula el uso del sitio web oficial del <strong data-start=\"2946\" data-end=\"2991\">Palacio Municipal de Cuitl\u00e1huac, Veracruz<\/strong>. Al acceder y utilizar este sitio, el usuario acepta plenamente los presentes t\u00e9rminos y condiciones.<\/p><h3 data-start=\"3095\" data-end=\"3116\"><strong data-start=\"3099\" data-end=\"3116\">Uso del sitio<\/strong><\/h3><p data-start=\"3117\" data-end=\"3228\">El usuario se compromete a utilizar este sitio web de forma responsable, l\u00edcita y respetuosa, absteni\u00e9ndose de:<\/p><ul data-start=\"3230\" data-end=\"3460\"><li data-start=\"3230\" data-end=\"3284\"><p data-start=\"3232\" data-end=\"3284\">Realizar actos que vulneren la seguridad del sitio<\/p><\/li><li data-start=\"3285\" data-end=\"3343\"><p data-start=\"3287\" data-end=\"3343\">Introducir virus, malware o cualquier c\u00f3digo malicioso<\/p><\/li><li data-start=\"3344\" data-end=\"3408\"><p data-start=\"3346\" data-end=\"3408\">Utilizar el contenido con fines comerciales sin autorizaci\u00f3n<\/p><\/li><li data-start=\"3409\" data-end=\"3460\"><p data-start=\"3411\" data-end=\"3460\">Alterar, da\u00f1ar o afectar la informaci\u00f3n publicada<\/p><\/li><\/ul><h3 data-start=\"3462\" data-end=\"3479\"><strong data-start=\"3466\" data-end=\"3479\">Contenido<\/strong><\/h3><p data-start=\"3480\" data-end=\"3645\">La informaci\u00f3n publicada tiene car\u00e1cter informativo y oficial. El Ayuntamiento se reserva el derecho de actualizar, modificar o eliminar contenidos sin previo aviso.<\/p><h3 data-start=\"3647\" data-end=\"3676\"><strong data-start=\"3651\" data-end=\"3676\">Propiedad intelectual<\/strong><\/h3><p data-start=\"3677\" data-end=\"3910\">Todos los textos, logotipos, im\u00e1genes, dise\u00f1os y contenidos son propiedad del Ayuntamiento de Cuitl\u00e1huac o cuentan con autorizaci\u00f3n para su uso. Queda prohibida su reproducci\u00f3n total o parcial sin consentimiento previo y por escrito.<\/p><h3 data-start=\"3912\" data-end=\"3935\"><strong data-start=\"3916\" data-end=\"3935\">Responsabilidad<\/strong><\/h3><p data-start=\"3936\" data-end=\"4091\">El Ayuntamiento no se hace responsable por da\u00f1os derivados del uso indebido del sitio, interrupciones del servicio o enlaces externos a sitios de terceros.<\/p><h3 data-start=\"4093\" data-end=\"4117\"><strong data-start=\"4097\" data-end=\"4117\">Enlaces externos<\/strong><\/h3><p data-start=\"4118\" data-end=\"4271\">Este sitio puede contener enlaces a p\u00e1ginas externas. El Ayuntamiento no es responsable del contenido ni de las pol\u00edticas de privacidad de dichos sitios.<\/p><h3 data-start=\"4273\" data-end=\"4302\"><strong data-start=\"4277\" data-end=\"4302\">Legislaci\u00f3n aplicable<\/strong><\/h3><p data-start=\"4303\" data-end=\"4475\">Los presentes t\u00e9rminos se rigen por las leyes vigentes en los Estados Unidos Mexicanos, someti\u00e9ndose a la jurisdicci\u00f3n de los tribunales competentes del Estado de Veracruz.<\/p>\t\t\t\t\t\t\t\t<\/div>\n\t\t\t\t<\/div>\n\t\t<div class=\"elementor-element elementor-element-4ad78f20 e-con-full e-flex e-con e-child\" data-id=\"4ad78f20\" data-element_type=\"container\" data-e-type=\"container\" data-settings=\"{&quot;background_background&quot;:&quot;classic&quot;}\">\n\t\t\t\t<div class=\"elementor-element elementor-element-69968dc1 elementor-widget elementor-widget-heading\" data-id=\"69968dc1\" data-element_type=\"widget\" data-e-type=\"widget\" data-widget_type=\"heading.default\">\n\t\t\t\t\t<h2 class=\"elementor-heading-title elementor-size-default\">T<\/h2>\t\t\t\t<\/div>\n\t\t\t\t<\/div>\n\t\t\t\t\t<\/div>\n\t\t\t\t<\/div>\n\t\t\t\t<\/div>\n\t\t","protected":false},"excerpt":{"rendered":"<p>T\u00e9rminos y Condiciones de Uso El presente documento regula el uso del sitio web oficial del Palacio Municipal de Cuitl\u00e1huac, Veracruz. Al acceder y utilizar este sitio, el usuario acepta plenamente los presentes t\u00e9rminos y condiciones. Uso del sitio El usuario se compromete a utilizar este sitio web de forma responsable, l\u00edcita y respetuosa, absteni\u00e9ndose [&hellip;]<\/p>\n","protected":false},"author":1,"featured_media":0,"parent":0,"menu_order":0,"comment_status":"closed","ping_status":"closed","template":"elementor_header_footer","meta":{"footnotes":""},"class_list":["post-844","page","type-page","status-publish","hentry"],"_links":{"self":[{"href":"https:\/\/cuitlahuac.gob.mx\/portal\/wp-json\/wp\/v2\/pages\/844","targetHints":{"allow":["GET"]}}],"collection":[{"href":"https:\/\/cuitlahuac.gob.mx\/portal\/wp-json\/wp\/v2\/pages"}],"about":[{"href":"https:\/\/cuitlahuac.gob.mx\/portal\/wp-json\/wp\/v2\/types\/page"}],"author":[{"embeddable":true,"href":"https:\/\/cuitlahuac.gob.mx\/portal\/wp-json\/wp\/v2\/users\/1"}],"replies":[{"embeddable":true,"href":"https:\/\/cuitlahuac.gob.mx\/portal\/wp-json\/wp\/v2\/comments?post=844"}],"version-history":[{"count":7,"href":"https:\/\/cuitlahuac.gob.mx\/portal\/wp-json\/wp\/v2\/pages\/844\/revisions"}],"predecessor-version":[{"id":852,"href":"https:\/\/cuitlahuac.gob.mx\/portal\/wp-json\/wp\/v2\/pages\/844\/revisions\/852"}],"wp:attachment":[{"href":"https:\/\/cuitlahuac.gob.mx\/portal\/wp-json\/wp\/v2\/media?parent=844"}],"curies":[{"name":"wp","href":"https:\/\/api.w.org\/{rel}","templated":true}]}}