{"id":669,"date":"2026-02-09T00:21:47","date_gmt":"2026-02-09T06:21:47","guid":{"rendered":"https:\/\/cuitlahuac.gob.mx\/portal\/?page_id=669"},"modified":"2026-02-09T14:13:20","modified_gmt":"2026-02-09T20:13:20","slug":"dif-municipal","status":"publish","type":"page","link":"https:\/\/cuitlahuac.gob.mx\/portal\/dif-municipal\/","title":{"rendered":"DIF Municipal"},"content":{"rendered":"\t\t<div data-elementor-type=\"wp-page\" data-elementor-id=\"669\" class=\"elementor elementor-669\" data-elementor-post-type=\"page\">\n\t\t\t\t<div class=\"elementor-element elementor-element-702dadb e-flex e-con-boxed e-con e-parent\" data-id=\"702dadb\" data-element_type=\"container\" data-e-type=\"container\" data-settings=\"{&quot;background_background&quot;:&quot;classic&quot;}\">\n\t\t\t\t\t<div class=\"e-con-inner\">\n\t\t\t\t<div class=\"elementor-element elementor-element-54bec5e elementor-widget elementor-widget-image\" data-id=\"54bec5e\" data-element_type=\"widget\" data-e-type=\"widget\" data-widget_type=\"image.default\">\n\t\t\t\t\t\t\t\t\t\t\t\t\t\t\t<img fetchpriority=\"high\" decoding=\"async\" width=\"331\" height=\"331\" src=\"https:\/\/cuitlahuac.gob.mx\/portal\/wp-content\/uploads\/2026\/02\/Circulo-DIF-Rev-01.png\" class=\"attachment-large size-large wp-image-681\" alt=\"\" srcset=\"https:\/\/cuitlahuac.gob.mx\/portal\/wp-content\/uploads\/2026\/02\/Circulo-DIF-Rev-01.png 331w, https:\/\/cuitlahuac.gob.mx\/portal\/wp-content\/uploads\/2026\/02\/Circulo-DIF-Rev-01-300x300.png 300w, https:\/\/cuitlahuac.gob.mx\/portal\/wp-content\/uploads\/2026\/02\/Circulo-DIF-Rev-01-150x150.png 150w\" sizes=\"(max-width: 331px) 100vw, 331px\" \/>\t\t\t\t\t\t\t\t\t\t\t\t\t\t\t<\/div>\n\t\t\t\t<div class=\"elementor-element elementor-element-c3bacbe elementor-widget elementor-widget-heading\" data-id=\"c3bacbe\" data-element_type=\"widget\" data-e-type=\"widget\" data-widget_type=\"heading.default\">\n\t\t\t\t\t<h2 class=\"elementor-heading-title elementor-size-default\">DIF Municipal de Cuitl\u00e1huac, Veracruz, M\u00e9xico<\/h2>\t\t\t\t<\/div>\n\t\t\t\t\t<\/div>\n\t\t\t\t<\/div>\n\t\t<div class=\"elementor-element elementor-element-cf0b0ce e-flex e-con-boxed e-con e-parent\" data-id=\"cf0b0ce\" data-element_type=\"container\" data-e-type=\"container\" data-settings=\"{&quot;background_background&quot;:&quot;classic&quot;}\">\n\t\t\t\t\t<div class=\"e-con-inner\">\n\t\t<div class=\"elementor-element elementor-element-7a264ed e-con-full e-flex e-con e-child\" data-id=\"7a264ed\" data-element_type=\"container\" data-e-type=\"container\">\n\t\t\t\t<div class=\"elementor-element elementor-element-0cd4f57 elementor-widget elementor-widget-heading\" data-id=\"0cd4f57\" data-element_type=\"widget\" data-e-type=\"widget\" data-widget_type=\"heading.default\">\n\t\t\t\t\t<h2 class=\"elementor-heading-title elementor-size-default\">Servicios<\/h2>\t\t\t\t<\/div>\n\t\t\t\t<\/div>\n\t\t<div class=\"elementor-element elementor-element-183c9ed e-grid e-con-full e-con e-child\" data-id=\"183c9ed\" data-element_type=\"container\" data-e-type=\"container\">\n\t\t\t\t<div class=\"elementor-element elementor-element-786db6d elementor-position-top elementor-widget elementor-widget-image-box\" data-id=\"786db6d\" data-element_type=\"widget\" data-e-type=\"widget\" data-widget_type=\"image-box.default\">\n\t\t\t\t\t<div class=\"elementor-image-box-wrapper\"><figure class=\"elementor-image-box-img\"><img decoding=\"async\" width=\"768\" height=\"768\" src=\"https:\/\/cuitlahuac.gob.mx\/portal\/wp-content\/uploads\/2026\/02\/01-Immujer.jpeg\" class=\"attachment-full size-full wp-image-733\" alt=\"\" srcset=\"https:\/\/cuitlahuac.gob.mx\/portal\/wp-content\/uploads\/2026\/02\/01-Immujer.jpeg 768w, https:\/\/cuitlahuac.gob.mx\/portal\/wp-content\/uploads\/2026\/02\/01-Immujer-300x300.jpeg 300w, https:\/\/cuitlahuac.gob.mx\/portal\/wp-content\/uploads\/2026\/02\/01-Immujer-150x150.jpeg 150w\" sizes=\"(max-width: 768px) 100vw, 768px\" \/><\/figure><div class=\"elementor-image-box-content\"><h3 class=\"elementor-image-box-title\">Immujer<\/h3><p class=\"elementor-image-box-description\">Promueve la igualdad y el bienestar de las mujeres, ofreciendo apoyo, orientaci\u00f3n y acompa\u00f1amiento<\/p><\/div><\/div>\t\t\t\t<\/div>\n\t\t\t\t<div class=\"elementor-element elementor-element-d281eb6 elementor-position-top elementor-widget elementor-widget-image-box\" data-id=\"d281eb6\" data-element_type=\"widget\" data-e-type=\"widget\" data-widget_type=\"image-box.default\">\n\t\t\t\t\t<div class=\"elementor-image-box-wrapper\"><figure class=\"elementor-image-box-img\"><img decoding=\"async\" width=\"768\" height=\"768\" src=\"https:\/\/cuitlahuac.gob.mx\/portal\/wp-content\/uploads\/2026\/02\/02-Sipinna.jpeg\" class=\"attachment-full size-full wp-image-734\" alt=\"\" srcset=\"https:\/\/cuitlahuac.gob.mx\/portal\/wp-content\/uploads\/2026\/02\/02-Sipinna.jpeg 768w, https:\/\/cuitlahuac.gob.mx\/portal\/wp-content\/uploads\/2026\/02\/02-Sipinna-300x300.jpeg 300w, https:\/\/cuitlahuac.gob.mx\/portal\/wp-content\/uploads\/2026\/02\/02-Sipinna-150x150.jpeg 150w\" sizes=\"(max-width: 768px) 100vw, 768px\" \/><\/figure><div class=\"elementor-image-box-content\"><h3 class=\"elementor-image-box-title\">Sipinna<\/h3><p class=\"elementor-image-box-description\">Trabajamos para garantizar los derechos de ni\u00f1as, ni\u00f1os y adolescentes, promoviendo su bienestar, protecci\u00f3n y desarrollo integral<\/p><\/div><\/div>\t\t\t\t<\/div>\n\t\t\t\t<div class=\"elementor-element elementor-element-8b05ee4 elementor-position-top elementor-widget elementor-widget-image-box\" data-id=\"8b05ee4\" data-element_type=\"widget\" data-e-type=\"widget\" data-widget_type=\"image-box.default\">\n\t\t\t\t\t<div class=\"elementor-image-box-wrapper\"><figure class=\"elementor-image-box-img\"><img loading=\"lazy\" decoding=\"async\" width=\"768\" height=\"768\" src=\"https:\/\/cuitlahuac.gob.mx\/portal\/wp-content\/uploads\/2026\/02\/03-Psicologia.jpeg\" class=\"attachment-full size-full wp-image-735\" alt=\"\" srcset=\"https:\/\/cuitlahuac.gob.mx\/portal\/wp-content\/uploads\/2026\/02\/03-Psicologia.jpeg 768w, https:\/\/cuitlahuac.gob.mx\/portal\/wp-content\/uploads\/2026\/02\/03-Psicologia-300x300.jpeg 300w, https:\/\/cuitlahuac.gob.mx\/portal\/wp-content\/uploads\/2026\/02\/03-Psicologia-150x150.jpeg 150w\" sizes=\"(max-width: 768px) 100vw, 768px\" \/><\/figure><div class=\"elementor-image-box-content\"><h3 class=\"elementor-image-box-title\">Psicolog\u00eda<\/h3><p class=\"elementor-image-box-description\">Brindamos apoyo emocional y orientaci\u00f3n profesional para fortalecer la salud mental y el bienestar de las personas<\/p><\/div><\/div>\t\t\t\t<\/div>\n\t\t\t\t<div class=\"elementor-element elementor-element-c0cc01d elementor-position-top elementor-widget elementor-widget-image-box\" data-id=\"c0cc01d\" data-element_type=\"widget\" data-e-type=\"widget\" data-widget_type=\"image-box.default\">\n\t\t\t\t\t<div class=\"elementor-image-box-wrapper\"><figure class=\"elementor-image-box-img\"><img loading=\"lazy\" decoding=\"async\" width=\"768\" height=\"768\" src=\"https:\/\/cuitlahuac.gob.mx\/portal\/wp-content\/uploads\/2026\/02\/05-Fisioterapia.jpeg\" class=\"attachment-full size-full wp-image-736\" alt=\"\" srcset=\"https:\/\/cuitlahuac.gob.mx\/portal\/wp-content\/uploads\/2026\/02\/05-Fisioterapia.jpeg 768w, https:\/\/cuitlahuac.gob.mx\/portal\/wp-content\/uploads\/2026\/02\/05-Fisioterapia-300x300.jpeg 300w, https:\/\/cuitlahuac.gob.mx\/portal\/wp-content\/uploads\/2026\/02\/05-Fisioterapia-150x150.jpeg 150w\" sizes=\"(max-width: 768px) 100vw, 768px\" \/><\/figure><div class=\"elementor-image-box-content\"><h3 class=\"elementor-image-box-title\">Fisioterapia<\/h3><p class=\"elementor-image-box-description\">Ofrecemos atenci\u00f3n para la recuperaci\u00f3n f\u00edsica, prevenci\u00f3n de lesiones y mejora de la movilidad y calidad de vida<\/p><\/div><\/div>\t\t\t\t<\/div>\n\t\t\t\t<div class=\"elementor-element elementor-element-cbf8b7e elementor-position-top elementor-widget elementor-widget-image-box\" data-id=\"cbf8b7e\" data-element_type=\"widget\" data-e-type=\"widget\" data-widget_type=\"image-box.default\">\n\t\t\t\t\t<div class=\"elementor-image-box-wrapper\"><figure class=\"elementor-image-box-img\"><img loading=\"lazy\" decoding=\"async\" width=\"768\" height=\"768\" src=\"https:\/\/cuitlahuac.gob.mx\/portal\/wp-content\/uploads\/2026\/02\/06-Adulto-Mayor.jpeg\" class=\"attachment-full size-full wp-image-737\" alt=\"\" srcset=\"https:\/\/cuitlahuac.gob.mx\/portal\/wp-content\/uploads\/2026\/02\/06-Adulto-Mayor.jpeg 768w, https:\/\/cuitlahuac.gob.mx\/portal\/wp-content\/uploads\/2026\/02\/06-Adulto-Mayor-300x300.jpeg 300w, https:\/\/cuitlahuac.gob.mx\/portal\/wp-content\/uploads\/2026\/02\/06-Adulto-Mayor-150x150.jpeg 150w\" sizes=\"(max-width: 768px) 100vw, 768px\" \/><\/figure><div class=\"elementor-image-box-content\"><h3 class=\"elementor-image-box-title\">Club del adulto mayor<\/h3><p class=\"elementor-image-box-description\">Espacio de convivencia, cuidado y actividades que promueven el bienestar, la integraci\u00f3n y una vida activa para las personas mayores<\/p><\/div><\/div>\t\t\t\t<\/div>\n\t\t\t\t<div class=\"elementor-element elementor-element-1d830e2 elementor-position-top elementor-widget elementor-widget-image-box\" data-id=\"1d830e2\" data-element_type=\"widget\" data-e-type=\"widget\" data-widget_type=\"image-box.default\">\n\t\t\t\t\t<div class=\"elementor-image-box-wrapper\"><figure class=\"elementor-image-box-img\"><img loading=\"lazy\" decoding=\"async\" width=\"768\" height=\"768\" src=\"https:\/\/cuitlahuac.gob.mx\/portal\/wp-content\/uploads\/2026\/02\/07-Procuraduria-del-menor.jpeg\" class=\"attachment-full size-full wp-image-738\" alt=\"\" srcset=\"https:\/\/cuitlahuac.gob.mx\/portal\/wp-content\/uploads\/2026\/02\/07-Procuraduria-del-menor.jpeg 768w, https:\/\/cuitlahuac.gob.mx\/portal\/wp-content\/uploads\/2026\/02\/07-Procuraduria-del-menor-300x300.jpeg 300w, https:\/\/cuitlahuac.gob.mx\/portal\/wp-content\/uploads\/2026\/02\/07-Procuraduria-del-menor-150x150.jpeg 150w\" sizes=\"(max-width: 768px) 100vw, 768px\" \/><\/figure><div class=\"elementor-image-box-content\"><h3 class=\"elementor-image-box-title\">Procuradur\u00eda del menor<\/h3><p class=\"elementor-image-box-description\">Protege y defiende los derechos de ni\u00f1as, ni\u00f1os y adolescentes, brindando atenci\u00f3n, orientaci\u00f3n y acompa\u00f1amiento<\/p><\/div><\/div>\t\t\t\t<\/div>\n\t\t\t\t<\/div>\n\t\t\t\t\t<\/div>\n\t\t\t\t<\/div>\n\t\t<div class=\"elementor-element elementor-element-492da2a e-flex e-con-boxed e-con e-parent\" data-id=\"492da2a\" data-element_type=\"container\" data-e-type=\"container\" data-settings=\"{&quot;background_background&quot;:&quot;classic&quot;}\">\n\t\t\t\t\t<div class=\"e-con-inner\">\n\t\t<div class=\"elementor-element elementor-element-59e2ece e-con-full e-flex e-con e-child\" data-id=\"59e2ece\" data-element_type=\"container\" data-e-type=\"container\">\n\t\t<div class=\"elementor-element elementor-element-1531e81 e-con-full e-flex e-con e-child\" data-id=\"1531e81\" data-element_type=\"container\" data-e-type=\"container\" data-settings=\"{&quot;background_background&quot;:&quot;classic&quot;}\">\n\t\t\t\t<div class=\"elementor-element elementor-element-25fd64e elementor-widget elementor-widget-text-editor\" data-id=\"25fd64e\" data-element_type=\"widget\" data-e-type=\"widget\" data-widget_type=\"text-editor.default\">\n\t\t\t\t\t\t\t\t\t<p style=\"text-align: center;\"><strong>DIF Municipal de Cuitl\u00e1huac.<\/strong><\/p><p style=\"text-align: center;\">Avenida 4 entre calles 3 y 5 #436, Cuitl\u00e1huac, Mexico, 94910<\/p>\t\t\t\t\t\t\t\t<\/div>\n\t\t\t\t<\/div>\n\t\t\t\t<\/div>\n\t\t<div class=\"elementor-element elementor-element-86626d3 e-con-full e-flex e-con e-child\" data-id=\"86626d3\" data-element_type=\"container\" data-e-type=\"container\">\n\t\t<div class=\"elementor-element elementor-element-5d31496 e-con-full e-flex e-con e-child\" data-id=\"5d31496\" data-element_type=\"container\" data-e-type=\"container\" data-settings=\"{&quot;background_background&quot;:&quot;classic&quot;}\">\n\t\t\t\t<div class=\"elementor-element elementor-element-c1843c8 elementor-widget elementor-widget-image\" data-id=\"c1843c8\" data-element_type=\"widget\" data-e-type=\"widget\" data-widget_type=\"image.default\">\n\t\t\t\t\t\t\t\t\t\t\t\t\t\t\t<img loading=\"lazy\" decoding=\"async\" width=\"713\" height=\"914\" src=\"https:\/\/cuitlahuac.gob.mx\/portal\/wp-content\/uploads\/2026\/02\/Logo-DIF-1.png\" class=\"attachment-large size-large wp-image-766\" alt=\"\" srcset=\"https:\/\/cuitlahuac.gob.mx\/portal\/wp-content\/uploads\/2026\/02\/Logo-DIF-1.png 713w, https:\/\/cuitlahuac.gob.mx\/portal\/wp-content\/uploads\/2026\/02\/Logo-DIF-1-234x300.png 234w\" sizes=\"(max-width: 713px) 100vw, 713px\" \/>\t\t\t\t\t\t\t\t\t\t\t\t\t\t\t<\/div>\n\t\t\t\t<\/div>\n\t\t\t\t<\/div>\n\t\t\t\t\t<\/div>\n\t\t\t\t<\/div>\n\t\t\t\t<\/div>\n\t\t","protected":false},"excerpt":{"rendered":"<p>DIF Municipal de Cuitl\u00e1huac, Veracruz, M\u00e9xico Servicios Immujer Promueve la igualdad y el bienestar de las mujeres, ofreciendo apoyo, orientaci\u00f3n y acompa\u00f1amiento Sipinna Trabajamos para garantizar los derechos de ni\u00f1as, ni\u00f1os y adolescentes, promoviendo su bienestar, protecci\u00f3n y desarrollo integral Psicolog\u00eda Brindamos apoyo emocional y orientaci\u00f3n profesional para fortalecer la salud mental y el bienestar [&hellip;]<\/p>\n","protected":false},"author":1,"featured_media":0,"parent":0,"menu_order":0,"comment_status":"closed","ping_status":"closed","template":"elementor_header_footer","meta":{"footnotes":""},"class_list":["post-669","page","type-page","status-publish","hentry"],"_links":{"self":[{"href":"https:\/\/cuitlahuac.gob.mx\/portal\/wp-json\/wp\/v2\/pages\/669","targetHints":{"allow":["GET"]}}],"collection":[{"href":"https:\/\/cuitlahuac.gob.mx\/portal\/wp-json\/wp\/v2\/pages"}],"about":[{"href":"https:\/\/cuitlahuac.gob.mx\/portal\/wp-json\/wp\/v2\/types\/page"}],"author":[{"embeddable":true,"href":"https:\/\/cuitlahuac.gob.mx\/portal\/wp-json\/wp\/v2\/users\/1"}],"replies":[{"embeddable":true,"href":"https:\/\/cuitlahuac.gob.mx\/portal\/wp-json\/wp\/v2\/comments?post=669"}],"version-history":[{"count":61,"href":"https:\/\/cuitlahuac.gob.mx\/portal\/wp-json\/wp\/v2\/pages\/669\/revisions"}],"predecessor-version":[{"id":787,"href":"https:\/\/cuitlahuac.gob.mx\/portal\/wp-json\/wp\/v2\/pages\/669\/revisions\/787"}],"wp:attachment":[{"href":"https:\/\/cuitlahuac.gob.mx\/portal\/wp-json\/wp\/v2\/media?parent=669"}],"curies":[{"name":"wp","href":"https:\/\/api.w.org\/{rel}","templated":true}]}}